{"id":17402,"date":"2023-09-25T09:26:07","date_gmt":"2023-09-25T07:26:07","guid":{"rendered":"https:\/\/www.sanubiom.com\/produkt\/peau-essentielle\/"},"modified":"2026-03-23T11:54:35","modified_gmt":"2026-03-23T10:54:35","slug":"peau-essentielle","status":"publish","type":"product","link":"https:\/\/www.sanubiom.com\/fr\/produkt\/peau-essentielle\/","title":{"rendered":"ESSENTIALS SKIN"},"content":{"rendered":"<div class=\"descrip-0\">La formule innovante de micronutriments d&rsquo;<strong> Essential Skin<\/strong> pour la peau, les cheveux et les ongles de Sanubiom combine des vitamines, des oligo-\u00e9l\u00e9ments et des substances bioactives soigneusement s\u00e9lectionn\u00e9s. Celle-ci garantit un apport suffisant en nutriments essentiels pour favoriser un teint \u00e9clatant, des cheveux souples et des ongles solides.<br \/>\nLes compl\u00e9ments alimentaires ne remplacent pas une alimentation \u00e9quilibr\u00e9e et un mode de vie sain. Ne retire pas le sac de s\u00e9chage qui se trouve \u00e0 l&rsquo;int\u00e9rieur. Le sac de s\u00e9chage n&rsquo;est pas adapt\u00e9 \u00e0 la consommation.   <\/div>\n<div class=\"descrip-2\"><strong>Utilisation<\/strong><br \/>\nPrendre 1 g\u00e9lule par jour avec beaucoup de liquide. La consommation quotidienne recommand\u00e9e indiqu\u00e9e ne doit pas \u00eatre d\u00e9pass\u00e9e. <\/div>\n<div class=\"descrip-1\">\n<p><strong>Composition<\/strong><\/p>\n<p>dose journali\u00e8re = 1 g\u00e9lule<br \/>\nIngr\u00e9dients : Quantit\u00e9 \/ %NRV1<br \/>\nacide pantoth\u00e9nique : 4,5 mg\/ 75<br \/>\nbiotine : 1000 \u03bcg\/ 2000<br \/>\nacide folique : 200 \u03bcg \/ 100<br \/>\nzinc : 9 mg\/ 90<br \/>\nN-ac\u00e9tyl-L-cyst\u00e9ine : 100 mg\/-<br \/>\ndont L-cyst\u00e9ine : 74 mg\/-<br \/>\nConcentr\u00e9 de millet : 250 mg\/-<br \/>\ndont silicium : 10 mg\/-<br \/>\n1 Valeur de r\u00e9f\u00e9rence nutritionnelle selon le r\u00e8glement sur l&rsquo;information alimentaire<\/p>\n<\/div>\n<p>&nbsp;<\/p>\n<p><img decoding=\"async\" src=\"https:\/\/www.sanubiom.com\/wp-content\/uploads\/2024\/02\/sanubiom_icons-scaled.webp\" alt=\"sanubiom production\" width=\"100%\" height=\"auto\"><\/p>\n<p><a class=\"butfp\" title=\"FAQS\" href=\"https:\/\/www.sanubiom.com\/fr\/faq\/\">Toutes les FAQ sur l&rsquo;application<\/a><\/p>\n","protected":false},"excerpt":{"rendered":"<p class=\"subprogru\">Compl\u00e9ment alimentaire<\/p>\n<p class=\"subpro2\">avec des vitamines B, de la N-ac\u00e9tyl-L-cyst\u00e9ine, du zinc et du concentr\u00e9 de millet panicul\u00e9<\/p>\n<ul class=\"subprou\">\n<li>favorise la flore cutan\u00e9e<\/li>\n<li>avec des vitamines B, de la N-ac\u00e9tyl-L-cyst\u00e9ine et du concentr\u00e9 de millet panicul\u00e9<\/li>\n<li>avec du zinc<\/li>\n<li>pour la peau, les cheveux et les ongles<\/li>\n<li>V\u00e9g\u00e9talien, sans lactose et sans gluten<\/li>\n<\/ul>\n<p><!-- wp:woocommerce\/product-price {\"textAlign\":\"left\",\"isDescendentOfSingleProductBlock\":true} \/--><\/p>\n<p class=\"versa1\">incl. 20 % de TVA &amp; <a href=\"https:\/\/www.sanubiom.com\/fr\/informations-sur-lenvoi\/\" target=\"_blank\" rel=\"noopener\">frais d&rsquo;exp\u00e9dition<\/a> en sus <\/p>\n","protected":false},"featured_media":25318,"template":"","meta":{"_acf_changed":false},"product_brand":[],"product_cat":[310,312,313],"product_tag":[],"class_list":{"0":"post-17402","1":"product","2":"type-product","3":"status-publish","4":"has-post-thumbnail","6":"product_cat-acne-fr","7":"product_cat-la-dermatite-atopique","8":"product_cat-rosacee","10":"first","11":"instock","12":"taxable","13":"shipping-taxable","14":"purchasable","15":"product-type-simple"},"acf":[],"_links":{"self":[{"href":"https:\/\/www.sanubiom.com\/fr\/wp-json\/wp\/v2\/product\/17402","targetHints":{"allow":["GET"]}}],"collection":[{"href":"https:\/\/www.sanubiom.com\/fr\/wp-json\/wp\/v2\/product"}],"about":[{"href":"https:\/\/www.sanubiom.com\/fr\/wp-json\/wp\/v2\/types\/product"}],"version-history":[{"count":0,"href":"https:\/\/www.sanubiom.com\/fr\/wp-json\/wp\/v2\/product\/17402\/revisions"}],"wp:featuredmedia":[{"embeddable":true,"href":"https:\/\/www.sanubiom.com\/fr\/wp-json\/wp\/v2\/media\/25318"}],"wp:attachment":[{"href":"https:\/\/www.sanubiom.com\/fr\/wp-json\/wp\/v2\/media?parent=17402"}],"wp:term":[{"taxonomy":"product_brand","embeddable":true,"href":"https:\/\/www.sanubiom.com\/fr\/wp-json\/wp\/v2\/product_brand?post=17402"},{"taxonomy":"product_cat","embeddable":true,"href":"https:\/\/www.sanubiom.com\/fr\/wp-json\/wp\/v2\/product_cat?post=17402"},{"taxonomy":"product_tag","embeddable":true,"href":"https:\/\/www.sanubiom.com\/fr\/wp-json\/wp\/v2\/product_tag?post=17402"}],"curies":[{"name":"wp","href":"https:\/\/api.w.org\/{rel}","templated":true}]}}